{"id":31,"date":"2021-09-29T03:35:33","date_gmt":"2021-09-29T03:35:33","guid":{"rendered":"https:\/\/teswellcorp.com\/?page_id=31"},"modified":"2023-02-01T19:03:01","modified_gmt":"2023-02-01T19:03:01","slug":"quienes-somos","status":"publish","type":"page","link":"https:\/\/teswellcorp.com\/index.php\/quienes-somos\/","title":{"rendered":"Qui\u00e9nes Somos"},"content":{"rendered":"\t\t<div data-elementor-type=\"wp-page\" data-elementor-id=\"31\" class=\"elementor elementor-31\">\n\t\t\t\t\t\t<section class=\"elementor-section elementor-top-section elementor-element elementor-element-1b039c6e elementor-section-content-middle elementor-section-boxed elementor-section-height-default elementor-section-height-default\" data-id=\"1b039c6e\" data-element_type=\"section\" data-e-type=\"section\" data-settings=\"{&quot;background_background&quot;:&quot;classic&quot;}\">\n\t\t\t\t\t\t<div class=\"elementor-container elementor-column-gap-no\">\n\t\t\t\t\t<div class=\"elementor-column elementor-col-100 elementor-top-column elementor-element elementor-element-109f5bb9\" data-id=\"109f5bb9\" data-element_type=\"column\" data-e-type=\"column\">\n\t\t\t<div class=\"elementor-widget-wrap elementor-element-populated\">\n\t\t\t\t\t\t<div class=\"elementor-element elementor-element-4e9b8b1c animated-slow elementor-invisible elementor-widget elementor-widget-image\" data-id=\"4e9b8b1c\" data-element_type=\"widget\" data-e-type=\"widget\" data-settings=\"{&quot;_animation&quot;:&quot;fadeInUp&quot;}\" data-widget_type=\"image.default\">\n\t\t\t\t<div class=\"elementor-widget-container\">\n\t\t\t\t\t\t\t\t\t\t\t\t\t\t\t<img fetchpriority=\"high\" decoding=\"async\" width=\"2560\" height=\"1440\" src=\"https:\/\/teswellcorp.com\/wp-content\/uploads\/2023\/02\/Imagen-18.png\" class=\"attachment-full size-full wp-image-434\" alt=\"\" srcset=\"https:\/\/teswellcorp.com\/wp-content\/uploads\/2023\/02\/Imagen-18.png 2560w, https:\/\/teswellcorp.com\/wp-content\/uploads\/2023\/02\/Imagen-18-300x169.png 300w, https:\/\/teswellcorp.com\/wp-content\/uploads\/2023\/02\/Imagen-18-1024x576.png 1024w, https:\/\/teswellcorp.com\/wp-content\/uploads\/2023\/02\/Imagen-18-768x432.png 768w, https:\/\/teswellcorp.com\/wp-content\/uploads\/2023\/02\/Imagen-18-1536x864.png 1536w, https:\/\/teswellcorp.com\/wp-content\/uploads\/2023\/02\/Imagen-18-2048x1152.png 2048w, https:\/\/teswellcorp.com\/wp-content\/uploads\/2023\/02\/Imagen-18-600x338.png 600w\" sizes=\"(max-width: 2560px) 100vw, 2560px\" \/>\t\t\t\t\t\t\t\t\t\t\t\t\t\t\t<\/div>\n\t\t\t\t<\/div>\n\t\t\t\t<div class=\"elementor-element elementor-element-c04297a elementor-widget elementor-widget-heading\" data-id=\"c04297a\" data-element_type=\"widget\" data-e-type=\"widget\" data-widget_type=\"heading.default\">\n\t\t\t\t<div class=\"elementor-widget-container\">\n\t\t\t\t\t<h3 class=\"elementor-heading-title elementor-size-default\">\u00bfQui\u00e9nes Somos? <\/h3>\t\t\t\t<\/div>\n\t\t\t\t<\/div>\n\t\t\t\t<div class=\"elementor-element elementor-element-873bbb6 elementor-widget elementor-widget-text-editor\" data-id=\"873bbb6\" data-element_type=\"widget\" data-e-type=\"widget\" data-widget_type=\"text-editor.default\">\n\t\t\t\t<div class=\"elementor-widget-container\">\n\t\t\t\t\t\t\t\t\t<p>Somos una empresa joven con una fuerte \u00e9tica de trabajo basada en la disciplina y compromiso para con nuestros clientes, con gran experiencia en servicios de mantenimiento y distribuci\u00f3n de equipo.<\/p>\t\t\t\t\t\t\t\t<\/div>\n\t\t\t\t<\/div>\n\t\t\t\t<section class=\"elementor-section elementor-inner-section elementor-element elementor-element-41344c75 elementor-section-boxed elementor-section-height-default elementor-section-height-default\" data-id=\"41344c75\" data-element_type=\"section\" data-e-type=\"section\">\n\t\t\t\t\t\t<div class=\"elementor-container elementor-column-gap-default\">\n\t\t\t\t\t<div class=\"elementor-column elementor-col-50 elementor-inner-column elementor-element elementor-element-492fbe7d\" data-id=\"492fbe7d\" data-element_type=\"column\" data-e-type=\"column\">\n\t\t\t<div class=\"elementor-widget-wrap elementor-element-populated\">\n\t\t\t\t\t\t<div class=\"elementor-element elementor-element-299ecfac elementor-widget elementor-widget-text-editor\" data-id=\"299ecfac\" data-element_type=\"widget\" data-e-type=\"widget\" data-widget_type=\"text-editor.default\">\n\t\t\t\t<div class=\"elementor-widget-container\">\n\t\t\t\t\t\t\t\t\t<p>TesWell Corp. es una compa\u00f1\u00eda con m\u00e1s de ocho a\u00f1os de trayectoria, donde los \u00faltimos dos han sido bajo el r\u00e9gimen de Sociedad An\u00f3nima, dedicada a desarrollar actividades de mantenimiento mec\u00e1nico, el\u00e9ctrico e industrial, entre otros servicios de acuerdo a las necesidades de las empresas y al p\u00fablico en general, para optimizar el funcionamiento de sus equipos y al mismo tiempo ofrecerles refacciones de calidad.<\/p>\t\t\t\t\t\t\t\t<\/div>\n\t\t\t\t<\/div>\n\t\t\t\t\t<\/div>\n\t\t<\/div>\n\t\t\t\t<div class=\"elementor-column elementor-col-50 elementor-inner-column elementor-element elementor-element-30902494\" data-id=\"30902494\" data-element_type=\"column\" data-e-type=\"column\">\n\t\t\t<div class=\"elementor-widget-wrap elementor-element-populated\">\n\t\t\t\t\t\t<div class=\"elementor-element elementor-element-1102ad23 elementor-widget elementor-widget-text-editor\" data-id=\"1102ad23\" data-element_type=\"widget\" data-e-type=\"widget\" data-widget_type=\"text-editor.default\">\n\t\t\t\t<div class=\"elementor-widget-container\">\n\t\t\t\t\t\t\t\t\t<p>Comercializamos la l\u00ednea m\u00e1s completa de productos y las mejores marcas del mercado. En la actualidad prestamos nuestros servicios a importantes impresas del entorno industrial en la regi\u00f3n carbon\u00edfera, cinco manantiales y la regi\u00f3n centro del estado de Coahuila; as\u00ed como tambi\u00e9n en el estado de Nuevo Le\u00f3n. Nuestro ramo es principal es la industria.<\/p>\t\t\t\t\t\t\t\t<\/div>\n\t\t\t\t<\/div>\n\t\t\t\t\t<\/div>\n\t\t<\/div>\n\t\t\t\t\t<\/div>\n\t\t<\/section>\n\t\t\t\t\t<\/div>\n\t\t<\/div>\n\t\t\t\t\t<\/div>\n\t\t<\/section>\n\t\t\t\t<section class=\"elementor-section elementor-top-section elementor-element elementor-element-71bf1bc9 elementor-section-content-middle elementor-section-boxed elementor-section-height-default elementor-section-height-default\" data-id=\"71bf1bc9\" data-element_type=\"section\" data-e-type=\"section\" data-settings=\"{&quot;background_background&quot;:&quot;classic&quot;}\">\n\t\t\t\t\t\t<div class=\"elementor-container elementor-column-gap-no\">\n\t\t\t\t\t<div class=\"elementor-column elementor-col-33 elementor-top-column elementor-element elementor-element-5725a558\" data-id=\"5725a558\" data-element_type=\"column\" data-e-type=\"column\">\n\t\t\t<div class=\"elementor-widget-wrap elementor-element-populated\">\n\t\t\t\t\t\t<div class=\"elementor-element elementor-element-5b8bdcbe elementor-view-stacked elementor-shape-circle elementor-position-block-start elementor-mobile-position-block-start elementor-widget elementor-widget-icon-box\" data-id=\"5b8bdcbe\" data-element_type=\"widget\" data-e-type=\"widget\" data-widget_type=\"icon-box.default\">\n\t\t\t\t<div class=\"elementor-widget-container\">\n\t\t\t\t\t\t\t<div class=\"elementor-icon-box-wrapper\">\n\n\t\t\t\t\t\t<div class=\"elementor-icon-box-icon\">\n\t\t\t\t<span  class=\"elementor-icon elementor-animation-bob\">\n\t\t\t\t<svg xmlns=\"http:\/\/www.w3.org\/2000\/svg\" height=\"512pt\" viewBox=\"-3 0 512 512\" width=\"512pt\"><path d=\"m83.445312 190.390625c36.773438 0 66.695313-29.917969 66.695313-66.695313 0-36.773437-29.917969-66.695312-66.695313-66.695312-36.777343 0-66.695312 29.917969-66.695312 66.695312 0 36.777344 29.917969 66.695313 66.695312 66.695313zm0 0\"><\/path><path d=\"m504.9375 41.03125c-.003906-4.707031-2.226562-9.34375-6.382812-12.246094-23.988282-16.804687-47.957032-23.714844-72.175782-22.960937-23.753906.742187-47.191406 8.859375-70.738281 22.199219-17.910156 10.148437-36.089844 14.886718-54.320313 14.886718-16.660156 0-33.496093-3.945312-50.324218-11.335937v-16.574219c0-8.285156-6.714844-15-15-15-8.28125 0-15 6.714844-15 15v482c0 8.285156 6.71875 15 15 15 8.285156 0 15-6.714844 15-15v-283.203125c16.152344 7.109375 32.332031 10.078125 48.625 9.570313 23.75-.742188 47.1875-8.859376 70.734375-22.199219 17.910156-10.148438 36.089843-14.890625 54.320312-14.890625 19.082031 0 38.382813 5.175781 57.648438 14.769531 2.246093 1.339844 4.867187 2.113281 7.675781 2.113281 8.28125 0 15-6.71875 15-15v-147.128906zm0 0\"><\/path><path d=\"m43.273438 217.964844c-23.425782 0-43.27734425 19.59375-43.273438 43.050781l.0195312 90.4375c0 16.558594 9.3710938 31.132813 23.5195308 38.320313l.054688 107.234374c.003906 8.28125 6.71875 14.992188 15 14.992188h89.382812c8.285157 0 15-6.714844 15-15l.003907-189h48.015625v-90.007812c-17.785156-.003907-116.265625-.027344-147.722656-.027344zm0 0\"><\/path><\/svg>\t\t\t\t<\/span>\n\t\t\t<\/div>\n\t\t\t\n\t\t\t\t\t\t<div class=\"elementor-icon-box-content\">\n\n\t\t\t\t\t\t\t\t\t<h4 class=\"elementor-icon-box-title\">\n\t\t\t\t\t\t<span  >\n\t\t\t\t\t\t\tMisi\u00f3n \t\t\t\t\t\t<\/span>\n\t\t\t\t\t<\/h4>\n\t\t\t\t\n\t\t\t\t\t\t\t\t\t<p class=\"elementor-icon-box-description\">\n\t\t\t\t\t\tSatisfacer al m\u00e1ximo las necesidades de la industria y al p\u00fablico en general, desarrollando procesos de fabricaci\u00f3n con est\u00e1ndares de calidad a costros accesibles, respetado siempre al medio ambiente.\t\t\t\t\t<\/p>\n\t\t\t\t\n\t\t\t<\/div>\n\t\t\t\n\t\t<\/div>\n\t\t\t\t\t\t<\/div>\n\t\t\t\t<\/div>\n\t\t\t\t\t<\/div>\n\t\t<\/div>\n\t\t\t\t<div class=\"elementor-column elementor-col-33 elementor-top-column elementor-element elementor-element-2be89496\" data-id=\"2be89496\" data-element_type=\"column\" data-e-type=\"column\">\n\t\t\t<div class=\"elementor-widget-wrap elementor-element-populated\">\n\t\t\t\t\t\t<div class=\"elementor-element elementor-element-7bdb8451 elementor-view-stacked elementor-shape-circle elementor-position-block-start elementor-mobile-position-block-start elementor-widget elementor-widget-icon-box\" data-id=\"7bdb8451\" data-element_type=\"widget\" data-e-type=\"widget\" data-widget_type=\"icon-box.default\">\n\t\t\t\t<div class=\"elementor-widget-container\">\n\t\t\t\t\t\t\t<div class=\"elementor-icon-box-wrapper\">\n\n\t\t\t\t\t\t<div class=\"elementor-icon-box-icon\">\n\t\t\t\t<span  class=\"elementor-icon elementor-animation-bob\">\n\t\t\t\t<svg xmlns=\"http:\/\/www.w3.org\/2000\/svg\" id=\"Capa_1\" height=\"512\" viewBox=\"0 0 512 512\" width=\"512\"><g><path d=\"m0 30h30v301h68.727c36.572-42.806 91.69-90 157.273-90 65.59 0 120.714 47.203 157.271 90h68.729v-301h30v-30h-512zm421 91h-30v-23.789l-105 105-60-60-109.395 109.394-21.211-21.211 130.606-130.605 60 60 83.789-83.789h-23.789v-30h75z\"><\/path><path d=\"m256 512c73.242 0 135.732-78.9 159.199-112.387l6.021-8.613-6.021-8.613c-23.467-33.487-85.957-111.387-159.199-111.387s-135.732 77.9-159.199 111.387l-6.021 8.613 6.021 8.613c23.467 33.487 85.957 112.387 159.199 112.387zm0-196c41.353 0 75 33.647 75 75s-33.647 75-75 75-75-33.647-75-75 33.647-75 75-75z\"><\/path><path d=\"m256 436c24.814 0 45-20.186 45-45s-20.186-45-45-45-45 20.186-45 45 20.186 45 45 45zm-15-60h30v30h-30z\"><\/path><\/g><\/svg>\t\t\t\t<\/span>\n\t\t\t<\/div>\n\t\t\t\n\t\t\t\t\t\t<div class=\"elementor-icon-box-content\">\n\n\t\t\t\t\t\t\t\t\t<h4 class=\"elementor-icon-box-title\">\n\t\t\t\t\t\t<span  >\n\t\t\t\t\t\t\tVisi\u00f3n\t\t\t\t\t\t<\/span>\n\t\t\t\t\t<\/h4>\n\t\t\t\t\n\t\t\t\t\t\t\t\t\t<p class=\"elementor-icon-box-description\">\n\t\t\t\t\t\tSer el m\u00e1ximo proveedor de servicios y equipo, trabajando con honestidad e integridad, desarrollando al m\u00e1ximo el potencial de nuestro equipo y realizando un correcto manejo de los residuos\t\t\t\t\t<\/p>\n\t\t\t\t\n\t\t\t<\/div>\n\t\t\t\n\t\t<\/div>\n\t\t\t\t\t\t<\/div>\n\t\t\t\t<\/div>\n\t\t\t\t\t<\/div>\n\t\t<\/div>\n\t\t\t\t<div class=\"elementor-column elementor-col-33 elementor-top-column elementor-element elementor-element-1731cf2b\" data-id=\"1731cf2b\" data-element_type=\"column\" data-e-type=\"column\">\n\t\t\t<div class=\"elementor-widget-wrap elementor-element-populated\">\n\t\t\t\t\t\t<div class=\"elementor-element elementor-element-1d6e1a07 elementor-view-stacked elementor-shape-circle elementor-position-block-start elementor-mobile-position-block-start elementor-widget elementor-widget-icon-box\" data-id=\"1d6e1a07\" data-element_type=\"widget\" data-e-type=\"widget\" data-widget_type=\"icon-box.default\">\n\t\t\t\t<div class=\"elementor-widget-container\">\n\t\t\t\t\t\t\t<div class=\"elementor-icon-box-wrapper\">\n\n\t\t\t\t\t\t<div class=\"elementor-icon-box-icon\">\n\t\t\t\t<span  class=\"elementor-icon elementor-animation-bob\">\n\t\t\t\t<svg xmlns=\"http:\/\/www.w3.org\/2000\/svg\" id=\"Layer_1\" data-name=\"Layer 1\" viewBox=\"0 0 512 512\" width=\"512\" height=\"512\"><title>value customers users viewer<\/title><path d=\"M441.684,308.756l-66.135,35.678-6.26,3.3c.059.957.1,1.919.1,2.89a6,6,0,0,1-6,6c-.09,0-.18,0-.272-.006l-45.656-2.065A219.979,219.979,0,0,0,277.43,356.4a6,6,0,1,1-1.645-11.886A232.294,232.294,0,0,1,318,342.565L356.8,344.32a33.851,33.851,0,0,0-33.2-27.49H270.068a70.039,70.039,0,0,1-30.314-6.946l-5.52-2.67a82.736,82.736,0,0,0-85.918,8.265l-13.138,11.7a58.254,58.254,0,0,1-21.916,12.257l26.3,86.251,36.914-23.337c.091-.058.183-.114.277-.165a35.78,35.78,0,0,1,26.086-3.535l80.26,14.78a92.04,92.04,0,0,0,56.48-7.848l133.653-91.767A26.216,26.216,0,0,0,441.684,308.756Z\"><\/path><path d=\"M369.9,333.846l52.772-28.47c-5.881-5.613-15.09-8.616-22.406-4.953l-40.692,21.925a45.75,45.75,0,0,1,7.227,13.131Z\"><\/path><path d=\"M96.752,457.077a6.89,6.89,0,1,0-6.891-6.889A6.9,6.9,0,0,0,96.752,457.077Z\"><\/path><path d=\"M346.3,298.857c-.047.028-.094.054-.143.081l-12.787,6.953a45.6,45.6,0,0,1,17.139,7.713l26.828-14.455A30.516,30.516,0,0,0,346.3,298.857Z\"><\/path><path d=\"M38.771,310.85l20.02,164.16h83.26L92,310.85Zm76.87,139.338A18.89,18.89,0,1,1,96.752,431.3,18.91,18.91,0,0,1,115.641,450.188Z\"><\/path><path d=\"M256.967,123.848A33.581,33.581,0,0,0,290.51,90.305V70.533a33.544,33.544,0,0,0-67.088,0V90.305A33.582,33.582,0,0,0,256.967,123.848Z\"><\/path><path d=\"M372.629,136.791a28.645,28.645,0,0,0,28.613-28.612V90.872a28.612,28.612,0,1,0-57.224,0v17.307A28.643,28.643,0,0,0,372.629,136.791Z\"><\/path><path d=\"M141.145,136.791a28.645,28.645,0,0,0,28.613-28.612V90.872a28.613,28.613,0,0,0-57.225,0v17.307A28.643,28.643,0,0,0,141.145,136.791Z\"><\/path><path d=\"M430.887,194.709a32.987,32.987,0,0,0-28.069-32.587,39.541,39.541,0,0,1-59.2-.155,32.438,32.438,0,0,0-12.789,4.221,50.183,50.183,0,0,1,5.545,22.974v38.491h94.51Z\"><\/path><path d=\"M189.555,189.162v58.263H324.377V189.162a38.541,38.541,0,0,0-33.26-38.141,44.314,44.314,0,0,1-66.933-.159A38.763,38.763,0,0,0,189.555,189.162Z\"><\/path><path d=\"M82.887,194.709v32.944h94.668V189.162a50.259,50.259,0,0,1,5.488-22.908,32.74,32.74,0,0,0-11.711-4.132,39.538,39.538,0,0,1-59.191-.151A33.179,33.179,0,0,0,82.887,194.709Z\"><\/path><\/svg>\t\t\t\t<\/span>\n\t\t\t<\/div>\n\t\t\t\n\t\t\t\t\t\t<div class=\"elementor-icon-box-content\">\n\n\t\t\t\t\t\t\t\t\t<h4 class=\"elementor-icon-box-title\">\n\t\t\t\t\t\t<span  >\n\t\t\t\t\t\t\tValores \t\t\t\t\t\t<\/span>\n\t\t\t\t\t<\/h4>\n\t\t\t\t\n\t\t\t\t\t\t\t\t\t<p class=\"elementor-icon-box-description\">\n\t\t\t\t\t\tHonestidad: Rendici\u00f3n de cuentas.   Calidad: Respetar los est\u00e1ndares establecidos.\nDesarrollo: Capacitaci\u00f3n continua a nuestro equipo.\nServicio: Brindar siempre la mejor atenci\u00f3n a nuestros clientes.\n\t\t\t\t\t<\/p>\n\t\t\t\t\n\t\t\t<\/div>\n\t\t\t\n\t\t<\/div>\n\t\t\t\t\t\t<\/div>\n\t\t\t\t<\/div>\n\t\t\t\t\t<\/div>\n\t\t<\/div>\n\t\t\t\t\t<\/div>\n\t\t<\/section>\n\t\t\t\t<\/div>\n\t\t","protected":false},"excerpt":{"rendered":"<p>\u00bfQui\u00e9nes Somos? Somos una empresa joven con una fuerte \u00e9tica de trabajo basada en la disciplina y compromiso para con nuestros clientes, con gran experiencia en servicios de mantenimiento y distribuci\u00f3n de equipo. TesWell Corp. es una compa\u00f1\u00eda con m\u00e1s de ocho a\u00f1os de trayectoria, donde los \u00faltimos dos han sido bajo el r\u00e9gimen de [&hellip;]<\/p>\n","protected":false},"author":1,"featured_media":0,"parent":0,"menu_order":0,"comment_status":"closed","ping_status":"closed","template":"","meta":{"om_disable_all_campaigns":false,"_monsterinsights_skip_tracking":false,"_monsterinsights_sitenote_active":false,"_monsterinsights_sitenote_note":"","_monsterinsights_sitenote_category":0,"site-sidebar-layout":"no-sidebar","site-content-layout":"page-builder","ast-site-content-layout":"default","site-content-style":"default","site-sidebar-style":"default","ast-global-header-display":"","ast-banner-title-visibility":"","ast-main-header-display":"","ast-hfb-above-header-display":"","ast-hfb-below-header-display":"","ast-hfb-mobile-header-display":"","site-post-title":"disabled","ast-breadcrumbs-content":"","ast-featured-img":"disabled","footer-sml-layout":"","ast-disable-related-posts":"","theme-transparent-header-meta":"default","adv-header-id-meta":"","stick-header-meta":"","header-above-stick-meta":"","header-main-stick-meta":"","header-below-stick-meta":"","astra-migrate-meta-layouts":"default","ast-page-background-enabled":"default","ast-page-background-meta":{"desktop":{"background-color":"var(--ast-global-color-4)","background-image":"","background-repeat":"repeat","background-position":"center center","background-size":"auto","background-attachment":"scroll","background-type":"","background-media":"","overlay-type":"","overlay-color":"","overlay-opacity":"","overlay-gradient":""},"tablet":{"background-color":"","background-image":"","background-repeat":"repeat","background-position":"center center","background-size":"auto","background-attachment":"scroll","background-type":"","background-media":"","overlay-type":"","overlay-color":"","overlay-opacity":"","overlay-gradient":""},"mobile":{"background-color":"","background-image":"","background-repeat":"repeat","background-position":"center center","background-size":"auto","background-attachment":"scroll","background-type":"","background-media":"","overlay-type":"","overlay-color":"","overlay-opacity":"","overlay-gradient":""}},"ast-content-background-meta":{"desktop":{"background-color":"var(--ast-global-color-5)","background-image":"","background-repeat":"repeat","background-position":"center center","background-size":"auto","background-attachment":"scroll","background-type":"","background-media":"","overlay-type":"","overlay-color":"","overlay-opacity":"","overlay-gradient":""},"tablet":{"background-color":"var(--ast-global-color-5)","background-image":"","background-repeat":"repeat","background-position":"center center","background-size":"auto","background-attachment":"scroll","background-type":"","background-media":"","overlay-type":"","overlay-color":"","overlay-opacity":"","overlay-gradient":""},"mobile":{"background-color":"var(--ast-global-color-5)","background-image":"","background-repeat":"repeat","background-position":"center center","background-size":"auto","background-attachment":"scroll","background-type":"","background-media":"","overlay-type":"","overlay-color":"","overlay-opacity":"","overlay-gradient":""}},"footnotes":""},"class_list":["post-31","page","type-page","status-publish","hentry"],"aioseo_notices":[],"_links":{"self":[{"href":"https:\/\/teswellcorp.com\/index.php\/wp-json\/wp\/v2\/pages\/31","targetHints":{"allow":["GET"]}}],"collection":[{"href":"https:\/\/teswellcorp.com\/index.php\/wp-json\/wp\/v2\/pages"}],"about":[{"href":"https:\/\/teswellcorp.com\/index.php\/wp-json\/wp\/v2\/types\/page"}],"author":[{"embeddable":true,"href":"https:\/\/teswellcorp.com\/index.php\/wp-json\/wp\/v2\/users\/1"}],"replies":[{"embeddable":true,"href":"https:\/\/teswellcorp.com\/index.php\/wp-json\/wp\/v2\/comments?post=31"}],"version-history":[{"count":58,"href":"https:\/\/teswellcorp.com\/index.php\/wp-json\/wp\/v2\/pages\/31\/revisions"}],"predecessor-version":[{"id":441,"href":"https:\/\/teswellcorp.com\/index.php\/wp-json\/wp\/v2\/pages\/31\/revisions\/441"}],"wp:attachment":[{"href":"https:\/\/teswellcorp.com\/index.php\/wp-json\/wp\/v2\/media?parent=31"}],"curies":[{"name":"wp","href":"https:\/\/api.w.org\/{rel}","templated":true}]}}