{"id":419,"date":"2022-01-25T22:47:37","date_gmt":"2022-01-25T22:47:37","guid":{"rendered":"https:\/\/teswellcorp.com\/?page_id=419"},"modified":"2023-02-13T21:06:54","modified_gmt":"2023-02-13T21:06:54","slug":"nuestra-tienda","status":"publish","type":"page","link":"https:\/\/teswellcorp.com\/index.php\/nuestra-tienda\/","title":{"rendered":"Nuestra Tienda"},"content":{"rendered":"\t\t<div data-elementor-type=\"wp-page\" data-elementor-id=\"419\" class=\"elementor elementor-419\">\n\t\t\t\t\t\t<section class=\"elementor-section elementor-top-section elementor-element elementor-element-2721e4cd elementor-section-content-middle elementor-section-boxed elementor-section-height-default elementor-section-height-default\" data-id=\"2721e4cd\" data-element_type=\"section\" data-e-type=\"section\" data-settings=\"{&quot;background_background&quot;:&quot;classic&quot;}\">\n\t\t\t\t\t\t<div class=\"elementor-container elementor-column-gap-no\">\n\t\t\t\t\t<div class=\"elementor-column elementor-col-50 elementor-top-column elementor-element elementor-element-68cd825\" data-id=\"68cd825\" data-element_type=\"column\" data-e-type=\"column\">\n\t\t\t<div class=\"elementor-widget-wrap elementor-element-populated\">\n\t\t\t\t\t\t<div class=\"elementor-element elementor-element-2891298e elementor-widget elementor-widget-image\" data-id=\"2891298e\" data-element_type=\"widget\" data-e-type=\"widget\" data-widget_type=\"image.default\">\n\t\t\t\t<div class=\"elementor-widget-container\">\n\t\t\t\t\t\t\t\t\t\t\t\t\t\t\t<img fetchpriority=\"high\" decoding=\"async\" width=\"2560\" height=\"1608\" src=\"https:\/\/teswellcorp.com\/wp-content\/uploads\/2023\/02\/Imagen-15.png\" class=\"attachment-full size-full wp-image-663\" alt=\"\" srcset=\"https:\/\/teswellcorp.com\/wp-content\/uploads\/2023\/02\/Imagen-15.png 2560w, https:\/\/teswellcorp.com\/wp-content\/uploads\/2023\/02\/Imagen-15-300x188.png 300w, https:\/\/teswellcorp.com\/wp-content\/uploads\/2023\/02\/Imagen-15-1024x643.png 1024w, https:\/\/teswellcorp.com\/wp-content\/uploads\/2023\/02\/Imagen-15-768x482.png 768w, https:\/\/teswellcorp.com\/wp-content\/uploads\/2023\/02\/Imagen-15-1536x965.png 1536w, https:\/\/teswellcorp.com\/wp-content\/uploads\/2023\/02\/Imagen-15-2048x1286.png 2048w, https:\/\/teswellcorp.com\/wp-content\/uploads\/2023\/02\/Imagen-15-600x377.png 600w\" sizes=\"(max-width: 2560px) 100vw, 2560px\" \/>\t\t\t\t\t\t\t\t\t\t\t\t\t\t\t<\/div>\n\t\t\t\t<\/div>\n\t\t\t\t\t<\/div>\n\t\t<\/div>\n\t\t\t\t<div class=\"elementor-column elementor-col-50 elementor-top-column elementor-element elementor-element-6774f0f8\" data-id=\"6774f0f8\" data-element_type=\"column\" data-e-type=\"column\">\n\t\t\t<div class=\"elementor-widget-wrap elementor-element-populated\">\n\t\t\t\t\t\t<div class=\"elementor-element elementor-element-3dbb4d73 elementor-widget elementor-widget-heading\" data-id=\"3dbb4d73\" data-element_type=\"widget\" data-e-type=\"widget\" data-widget_type=\"heading.default\">\n\t\t\t\t<div class=\"elementor-widget-container\">\n\t\t\t\t\t<h4 class=\"elementor-heading-title elementor-size-default\">P\u00e1gina web en Construcci\u00f3n.<\/h4>\t\t\t\t<\/div>\n\t\t\t\t<\/div>\n\t\t\t\t<div class=\"elementor-element elementor-element-56386dda elementor-widget elementor-widget-text-editor\" data-id=\"56386dda\" data-element_type=\"widget\" data-e-type=\"widget\" data-widget_type=\"text-editor.default\">\n\t\t\t\t<div class=\"elementor-widget-container\">\n\t\t\t\t\t\t\t\t\t<p>Lo sentimos. Actualmente, estamos trabajando en la construcci\u00f3n de nuestra tienda online. Lamentamos todas las inconveniencias que esto pueda ocasionar.<\/p><p>\u00bfNecesita ayuda? Visite nuestra <a href=\"https:\/\/teswellcorp.com\/index.php\/contacto-teswell-copr\/\">secci\u00f3n de contacto <\/a>o env\u00edenos un mensaje por WhatsApp por medio del icono que aparece en pantalla.<\/p>\t\t\t\t\t\t\t\t<\/div>\n\t\t\t\t<\/div>\n\t\t\t\t\t<\/div>\n\t\t<\/div>\n\t\t\t\t\t<\/div>\n\t\t<\/section>\n\t\t\t\t<\/div>\n\t\t","protected":false},"excerpt":{"rendered":"<p>P\u00e1gina web en Construcci\u00f3n. Lo sentimos. Actualmente, estamos trabajando en la construcci\u00f3n de nuestra tienda online. Lamentamos todas las inconveniencias que esto pueda ocasionar. \u00bfNecesita ayuda? Visite nuestra secci\u00f3n de contacto o env\u00edenos un mensaje por WhatsApp por medio del icono que aparece en pantalla.<\/p>\n","protected":false},"author":1,"featured_media":0,"parent":0,"menu_order":0,"comment_status":"closed","ping_status":"closed","template":"","meta":{"om_disable_all_campaigns":false,"_monsterinsights_skip_tracking":false,"_monsterinsights_sitenote_active":false,"_monsterinsights_sitenote_note":"","_monsterinsights_sitenote_category":0,"site-sidebar-layout":"no-sidebar","site-content-layout":"page-builder","ast-site-content-layout":"default","site-content-style":"default","site-sidebar-style":"default","ast-global-header-display":"","ast-banner-title-visibility":"","ast-main-header-display":"","ast-hfb-above-header-display":"","ast-hfb-below-header-display":"","ast-hfb-mobile-header-display":"","site-post-title":"disabled","ast-breadcrumbs-content":"","ast-featured-img":"disabled","footer-sml-layout":"","ast-disable-related-posts":"","theme-transparent-header-meta":"","adv-header-id-meta":"","stick-header-meta":"","header-above-stick-meta":"","header-main-stick-meta":"","header-below-stick-meta":"","astra-migrate-meta-layouts":"default","ast-page-background-enabled":"default","ast-page-background-meta":{"desktop":{"background-color":"var(--ast-global-color-4)","background-image":"","background-repeat":"repeat","background-position":"center center","background-size":"auto","background-attachment":"scroll","background-type":"","background-media":"","overlay-type":"","overlay-color":"","overlay-opacity":"","overlay-gradient":""},"tablet":{"background-color":"","background-image":"","background-repeat":"repeat","background-position":"center center","background-size":"auto","background-attachment":"scroll","background-type":"","background-media":"","overlay-type":"","overlay-color":"","overlay-opacity":"","overlay-gradient":""},"mobile":{"background-color":"","background-image":"","background-repeat":"repeat","background-position":"center center","background-size":"auto","background-attachment":"scroll","background-type":"","background-media":"","overlay-type":"","overlay-color":"","overlay-opacity":"","overlay-gradient":""}},"ast-content-background-meta":{"desktop":{"background-color":"var(--ast-global-color-5)","background-image":"","background-repeat":"repeat","background-position":"center center","background-size":"auto","background-attachment":"scroll","background-type":"","background-media":"","overlay-type":"","overlay-color":"","overlay-opacity":"","overlay-gradient":""},"tablet":{"background-color":"var(--ast-global-color-5)","background-image":"","background-repeat":"repeat","background-position":"center center","background-size":"auto","background-attachment":"scroll","background-type":"","background-media":"","overlay-type":"","overlay-color":"","overlay-opacity":"","overlay-gradient":""},"mobile":{"background-color":"var(--ast-global-color-5)","background-image":"","background-repeat":"repeat","background-position":"center center","background-size":"auto","background-attachment":"scroll","background-type":"","background-media":"","overlay-type":"","overlay-color":"","overlay-opacity":"","overlay-gradient":""}},"footnotes":""},"class_list":["post-419","page","type-page","status-publish","hentry"],"aioseo_notices":[],"_links":{"self":[{"href":"https:\/\/teswellcorp.com\/index.php\/wp-json\/wp\/v2\/pages\/419","targetHints":{"allow":["GET"]}}],"collection":[{"href":"https:\/\/teswellcorp.com\/index.php\/wp-json\/wp\/v2\/pages"}],"about":[{"href":"https:\/\/teswellcorp.com\/index.php\/wp-json\/wp\/v2\/types\/page"}],"author":[{"embeddable":true,"href":"https:\/\/teswellcorp.com\/index.php\/wp-json\/wp\/v2\/users\/1"}],"replies":[{"embeddable":true,"href":"https:\/\/teswellcorp.com\/index.php\/wp-json\/wp\/v2\/comments?post=419"}],"version-history":[{"count":13,"href":"https:\/\/teswellcorp.com\/index.php\/wp-json\/wp\/v2\/pages\/419\/revisions"}],"predecessor-version":[{"id":688,"href":"https:\/\/teswellcorp.com\/index.php\/wp-json\/wp\/v2\/pages\/419\/revisions\/688"}],"wp:attachment":[{"href":"https:\/\/teswellcorp.com\/index.php\/wp-json\/wp\/v2\/media?parent=419"}],"curies":[{"name":"wp","href":"https:\/\/api.w.org\/{rel}","templated":true}]}}